{"id":113,"date":"2019-04-16T14:50:15","date_gmt":"2019-04-16T12:50:15","guid":{"rendered":"https:\/\/lugdunumascenseurs.com\/?page_id=113"},"modified":"2019-06-20T14:53:09","modified_gmt":"2019-06-20T12:53:09","slug":"societe","status":"publish","type":"page","link":"https:\/\/lugdunumascenseurs.com\/index.php\/societe\/","title":{"rendered":"Soci\u00e9t\u00e9"},"content":{"rendered":"<p>[et_pb_section fb_built=\u00a0\u00bb1&Prime; admin_label=\u00a0\u00bbHero Section\u00a0\u00bb _builder_version=\u00a0\u00bb3.22.3&Prime; custom_padding=\u00a0\u00bb0|0px|0px|0px\u00a0\u00bb][et_pb_row use_custom_gutter=\u00a0\u00bbon\u00a0\u00bb custom_padding=\u00a0\u00bb0px|0|0px|\u00a0\u00bb make_equal=\u00a0\u00bbon\u00a0\u00bb background_color_2=\u00a0\u00bb#121212&Prime; bg_img_2=\u00a0\u00bbhttps:\/\/lugdunumascenseurs.com\/wp-content\/uploads\/2019\/04\/immeuble-1.jpg\u00a0\u00bb use_background_color_gradient_2=\u00a0\u00bbon\u00a0\u00bb background_color_gradient_start_2=\u00a0\u00bbrgba(18,18,18,0.5)\u00a0\u00bb background_color_gradient_end_2=\u00a0\u00bb#121212&Prime; background_color_gradient_overlays_image_2=\u00a0\u00bbon\u00a0\u00bb padding_top_1=\u00a0\u00bb200px\u00a0\u00bb padding_top_2=\u00a0\u00bb100px\u00a0\u00bb padding_right_1=\u00a0\u00bb4%\u00a0\u00bb padding_bottom_1=\u00a0\u00bb200px\u00a0\u00bb padding_bottom_2=\u00a0\u00bb100px\u00a0\u00bb padding_left_1=\u00a0\u00bb8%\u00a0\u00bb padding_1_tablet=\u00a0\u00bb60px|10%|60px|10%\u00a0\u00bb padding_2_tablet=\u00a0\u00bb60px||60px|\u00a0\u00bb padding_1_last_edited=\u00a0\u00bbon|tablet\u00a0\u00bb padding_2_last_edited=\u00a0\u00bbon|desktop\u00a0\u00bb _builder_version=\u00a0\u00bb3.22.3&Prime; width=\u00a0\u00bb100%\u00a0\u00bb max_width=\u00a0\u00bb100%\u00a0\u00bb use_custom_width=\u00a0\u00bbon\u00a0\u00bb width_unit=\u00a0\u00bboff\u00a0\u00bb custom_width_percent=\u00a0\u00bb100%\u00a0\u00bb][et_pb_column type=\u00a0\u00bb1_2&Prime; _builder_version=\u00a0\u00bb3.0.47&Prime;][et_pb_text _builder_version=\u00a0\u00bb3.21.4&Prime; text_font=\u00a0\u00bb||||||||\u00a0\u00bb header_font=\u00a0\u00bb|700|||||||\u00a0\u00bb header_text_color=\u00a0\u00bb#cc2b2c\u00a0\u00bb header_3_font=\u00a0\u00bbKarla|700||on|||||\u00a0\u00bb header_3_text_color=\u00a0\u00bb#c2ab92&Prime; header_3_font_size=\u00a0\u00bb16px\u00a0\u00bb header_3_letter_spacing=\u00a0\u00bb1px\u00a0\u00bb background_layout=\u00a0\u00bbdark\u00a0\u00bb max_width=\u00a0\u00bb600px\u00a0\u00bb module_alignment=\u00a0\u00bbleft\u00a0\u00bb custom_margin=\u00a0\u00bb||20px|\u00a0\u00bb locked=\u00a0\u00bboff\u00a0\u00bb]<\/p>\n<h1>LUGDUNUM ASCENSEURS<\/h1>\n<p>[\/et_pb_text][et_pb_text _builder_version=\u00a0\u00bb3.21.4&Prime; text_font=\u00a0\u00bbKarla||||||||\u00a0\u00bb header_font=\u00a0\u00bbCormorant Garamond||||||||\u00a0\u00bb header_font_size=\u00a0\u00bb56px\u00a0\u00bb header_font_size_tablet=\u00a0\u00bb40px\u00a0\u00bb header_font_size_last_edited=\u00a0\u00bbon|tablet\u00a0\u00bb header_line_height=\u00a0\u00bb1.4em\u00a0\u00bb header_2_font=\u00a0\u00bb||||||||\u00a0\u00bb header_2_text_color=\u00a0\u00bb#cc2b2c\u00a0\u00bb header_3_font=\u00a0\u00bb||||||||\u00a0\u00bb text_orientation=\u00a0\u00bbjustified\u00a0\u00bb max_width=\u00a0\u00bb600px\u00a0\u00bb locked=\u00a0\u00bboff\u00a0\u00bb]<\/p>\n<h2>Sp\u00e9cialiste en ascenseur sur la R\u00e9gion Auvergne-Rh\u00f4ne-Alpes &#8211; PACA &#8211; Lyon &#8211; Grenoble &#8211; Is\u00e8re<\/h2>\n<p>&nbsp;<\/p>\n<p>Fort d\u2019une solide exp\u00e9rience en tant qu\u2019ascensoriste et conscient des besoins actuels dans ce domaine, j\u2019ai d\u00e9cid\u00e9 de cr\u00e9er en 2009 ma propre soci\u00e9t\u00e9.<br \/>Implant\u00e9e en r\u00e9gion lyonnaise et sur Grenoble &#8211; Is\u00e8re, Lugdunum Ascenseurs, PME \u00e0 dimension humaine, est aujourd\u2019hui le premier choix des principaux fabricants d\u2019ascenseurs de la r\u00e9gion Rh\u00f4ne-Alpes.<\/p>\n<p>[\/et_pb_text][\/et_pb_column][et_pb_column type=\u00a0\u00bb1_2&Prime; _builder_version=\u00a0\u00bb3.0.47&Prime;][et_pb_image src=\u00a0\u00bbhttps:\/\/lugdunumascenseurs.com\/wp-content\/uploads\/2019\/04\/immeuble-1.jpg\u00a0\u00bb _builder_version=\u00a0\u00bb3.21.4&Prime; box_shadow_style=\u00a0\u00bbpreset3&Prime; box_shadow_blur=\u00a0\u00bb80px\u00a0\u00bb max_width=\u00a0\u00bb600px\u00a0\u00bb max_width_last_edited=\u00a0\u00bbon|desktop\u00a0\u00bb custom_margin=\u00a0\u00bb|||-8%\u00a0\u00bb custom_margin_tablet=\u00a0\u00bb60px|60px|60px|60px\u00a0\u00bb custom_margin_last_edited=\u00a0\u00bbon|desktop\u00a0\u00bb custom_padding=\u00a0\u00bb|||\u00a0\u00bb animation_style=\u00a0\u00bbslide\u00a0\u00bb animation_direction=\u00a0\u00bbright\u00a0\u00bb animation_intensity_slide=\u00a0\u00bb4%\u00a0\u00bb animation_starting_opacity=\u00a0\u00bb50%\u00a0\u00bb][\/et_pb_image][\/et_pb_column][\/et_pb_row][\/et_pb_section][et_pb_section fb_built=\u00a0\u00bb1&Prime; admin_label=\u00a0\u00bbAbout\u00a0\u00bb _builder_version=\u00a0\u00bb3.22.3&Prime; custom_padding=\u00a0\u00bb0px|0px|0px|0px\u00a0\u00bb][\/et_pb_section][et_pb_section fb_built=\u00a0\u00bb1&Prime; admin_label=\u00a0\u00bbId equipe\u00a0\u00bb module_id=\u00a0\u00bbequipe\u00a0\u00bb _builder_version=\u00a0\u00bb3.22.5&Prime; custom_padding=\u00a0\u00bb0px|0px|0px|0px\u00a0\u00bb collapsed=\u00a0\u00bboff\u00a0\u00bb][et_pb_row _builder_version=\u00a0\u00bb3.22.5&Prime;][et_pb_column type=\u00a0\u00bb4_4&Prime; _builder_version=\u00a0\u00bb3.21.4&Prime;][et_pb_text admin_label=\u00a0\u00bbNOTRE \u00c9QUIPE\u00a0\u00bb _builder_version=\u00a0\u00bb3.22.5&Prime; text_font=\u00a0\u00bb||||||||\u00a0\u00bb header_font=\u00a0\u00bb|700|||||||\u00a0\u00bb header_text_color=\u00a0\u00bb#cc2b2c\u00a0\u00bb header_2_font=\u00a0\u00bb||||||||\u00a0\u00bb header_2_text_color=\u00a0\u00bb#cc2b2c\u00a0\u00bb header_3_font=\u00a0\u00bbKarla|700||on|||||\u00a0\u00bb header_3_text_color=\u00a0\u00bb#c2ab92&Prime; header_3_font_size=\u00a0\u00bb16px\u00a0\u00bb header_3_letter_spacing=\u00a0\u00bb1px\u00a0\u00bb background_layout=\u00a0\u00bbdark\u00a0\u00bb max_width=\u00a0\u00bb600px\u00a0\u00bb module_alignment=\u00a0\u00bbleft\u00a0\u00bb custom_margin=\u00a0\u00bb||20px|\u00a0\u00bb locked=\u00a0\u00bboff\u00a0\u00bb]<\/p>\n<h2 >NOTRE \u00c9QUIPE<\/h2>\n<p>[\/et_pb_text][\/et_pb_column][\/et_pb_row][et_pb_row use_custom_gutter=\u00a0\u00bbon\u00a0\u00bb gutter_width=\u00a0\u00bb1&Prime; custom_padding=\u00a0\u00bb0px||0px|||\u00a0\u00bb custom_margin=\u00a0\u00bb|||\u00a0\u00bb make_equal=\u00a0\u00bbon\u00a0\u00bb background_color_1=\u00a0\u00bb#cc2b2c\u00a0\u00bb background_color_2=\u00a0\u00bb#e4ecf4&Prime; module_class=\u00a0\u00bb et_pb_row_fullwidth\u00a0\u00bb _builder_version=\u00a0\u00bb3.22.3&Prime; width=\u00a0\u00bb100%\u00a0\u00bb width_tablet=\u00a0\u00bb100%\u00a0\u00bb width_last_edited=\u00a0\u00bbon|desktop\u00a0\u00bb max_width=\u00a0\u00bb100%\u00a0\u00bb max_width_tablet=\u00a0\u00bb100%\u00a0\u00bb max_width_last_edited=\u00a0\u00bbon|desktop\u00a0\u00bb make_fullwidth=\u00a0\u00bbon\u00a0\u00bb][et_pb_column type=\u00a0\u00bb1_3&Prime; _builder_version=\u00a0\u00bb3.0.47&Prime;][et_pb_text _builder_version=\u00a0\u00bb3.22.5&Prime; text_font=\u00a0\u00bb||||||||\u00a0\u00bb text_text_color=\u00a0\u00bb#ffffff\u00a0\u00bb custom_padding=\u00a0\u00bb30%|10%|15%|10%\u00a0\u00bb]<\/p>\n<p>Gr\u00e2ce \u00e0 une solide exp\u00e9rience, une \u00e9quipe d\u00e9vou\u00e9e et de nombreux moyens techniques, les interventions de LUGDUNUM ASCENSEURS sont rapides et efficaces. LUGDUNUM ASCENSEURS garantit une ma\u00eetrise de tous les m\u00e9tiers: installation, d\u00e9montage, r\u00e9novation et transformation d\u2019appareils neufs ou d\u2019occasion.<\/p>\n<p>[\/et_pb_text][\/et_pb_column][et_pb_column type=\u00a0\u00bb2_3&Prime; _builder_version=\u00a0\u00bb3.0.47&Prime;][et_pb_text _builder_version=\u00a0\u00bb3.21.4&Prime; text_font=\u00a0\u00bb||||||||\u00a0\u00bb header_font=\u00a0\u00bb||||||||\u00a0\u00bb header_3_font=\u00a0\u00bb||||||||\u00a0\u00bb text_orientation=\u00a0\u00bbjustified\u00a0\u00bb custom_padding=\u00a0\u00bb15%|10%|15%|10%\u00a0\u00bb]<\/p>\n<p>Lugdunum Ascenseurs installe ainsi tout type de syst\u00e8mes de levage, pour du mat\u00e9riel industriel (monte-charge) ou des personnes (ascenseurs). Nous sommes notamment sp\u00e9cialis\u00e9s dans la cr\u00e9ation et la r\u00e9novation d\u2019\u00e9quipements au sein d\u2019immeubles existants. Nous proposons \u00e9galement la r\u00e9alisation de travaux annexes (serrurerie m\u00e9tallerie, miroiterie et ma\u00e7onnerie) li\u00e9s aux installations d\u2019ascenseurs. Une polyvalence qui permet \u00e0 nos clients d\u2019avoir un seul et m\u00eame interlocuteur pour tous leurs projets.<\/p>\n<p>&nbsp;<\/p>\n<h3>Savoir-faire, innovation, fiabilit\u00e9, qualit\u00e9, professionnalisme et proximit\u00e9 sont nos points forts.<\/h3>\n<p>[\/et_pb_text][\/et_pb_column][\/et_pb_row][et_pb_row custom_padding=\u00a0\u00bb0px|||||\u00a0\u00bb custom_margin=\u00a0\u00bb0px|||\u00a0\u00bb make_equal=\u00a0\u00bbon\u00a0\u00bb background_color_2=\u00a0\u00bb#1b1b1b\u00a0\u00bb padding_top_2=\u00a0\u00bb50px\u00a0\u00bb padding_right_2=\u00a0\u00bb40px\u00a0\u00bb padding_bottom_2=\u00a0\u00bb50px\u00a0\u00bb padding_left_2=\u00a0\u00bb40px\u00a0\u00bb _builder_version=\u00a0\u00bb3.22.5&Prime; background_color=\u00a0\u00bb#1b1b1b\u00a0\u00bb module_alignment=\u00a0\u00bbcenter\u00a0\u00bb][et_pb_column type=\u00a0\u00bb4_4&Prime; _builder_version=\u00a0\u00bb3.0.47&Prime;][et_pb_text admin_label=\u00a0\u00bbMohammed Zaroui + blabla\u00a0\u00bb _builder_version=\u00a0\u00bb3.22.5&Prime; text_font=\u00a0\u00bbKarla||||||||\u00a0\u00bb text_text_color=\u00a0\u00bbrgba(255,255,255,0.7)\u00a0\u00bb text_font_size=\u00a0\u00bb18px\u00a0\u00bb text_line_height=\u00a0\u00bb1.8em\u00a0\u00bb header_font=\u00a0\u00bb||||||||\u00a0\u00bb header_2_font=\u00a0\u00bb||||||||\u00a0\u00bb header_3_font=\u00a0\u00bbCormorant Garamond||||||||\u00a0\u00bb header_3_font_size=\u00a0\u00bb24px\u00a0\u00bb header_3_line_height=\u00a0\u00bb1.4em\u00a0\u00bb background_layout=\u00a0\u00bbdark\u00a0\u00bb custom_padding=\u00a0\u00bb9%|10%|0%|10%||\u00a0\u00bb locked=\u00a0\u00bboff\u00a0\u00bb]<\/p>\n<h3>Mohammed Zaroui<\/h3>\n<p>Pr\u00e9destin\u00e9 \u00e0 des \u00e9tudes en ing\u00e9nierie, Mohammed Zaroui entreprend des \u00e9tudes en BTS Technico-commercial. Lors de cette formation il d\u00e9couvre le secteur de l\u2019industrie et assimile des comp\u00e9tences techniques \u00e0 travers le savoir-faire et la connaissance des processus de fabrication. Par la suite, il prend la d\u00e9cision de cr\u00e9er sa premi\u00e8re soci\u00e9t\u00e9 SM Lift.<\/p>\n<p>\u00c0 l&rsquo;aide de ses comp\u00e9tences commerciales et des comp\u00e9tences techniques de son associ\u00e9, les deux hommes formaient un bin\u00f4me id\u00e9al pour r\u00e9aliser leurs r\u00eaves d\u2019entreprendre. De plus, Mohammed Zaraoui a toujours eu le sens du contact et se d\u00e9finit comme un passionn\u00e9 de la construction et de m\u00e9canique.<\/p>\n<p>Ayant une vision d\u2019une entreprise sous-traitante, il a su d\u00e9velopper son professionnalisme et sa r\u00e9activit\u00e9 face aux demandes de ses partenaires.\u00a0Ainsi, c\u2019est en 2012 qu\u2019il cr\u00e9a <strong>Lugdunum-Ascenseurs<\/strong>. L\u2019activit\u00e9 de l\u2019entreprise se traduit comme du transport vertical\u00a0: cr\u00e9ation d\u2019ascenseur, de monte-charges, de monte voiture, etc.<\/p>\n<p>[\/et_pb_text][et_pb_divider divider_weight=\u00a0\u00bb2px\u00a0\u00bb _builder_version=\u00a0\u00bb3.22.5&Prime; max_width=\u00a0\u00bb50px\u00a0\u00bb custom_margin=\u00a0\u00bb0px|||10%\u00a0\u00bb locked=\u00a0\u00bboff\u00a0\u00bb][\/et_pb_divider][\/et_pb_column][\/et_pb_row][et_pb_row custom_padding=\u00a0\u00bb50px|0px|50px|0px\u00a0\u00bb custom_margin=\u00a0\u00bb|||\u00a0\u00bb make_equal=\u00a0\u00bbon\u00a0\u00bb background_color_2=\u00a0\u00bb#1b1b1b\u00a0\u00bb padding_top_2=\u00a0\u00bb50px\u00a0\u00bb padding_right_2=\u00a0\u00bb40px\u00a0\u00bb padding_bottom_2=\u00a0\u00bb50px\u00a0\u00bb padding_left_2=\u00a0\u00bb40px\u00a0\u00bb _builder_version=\u00a0\u00bb3.22.5&Prime; background_color=\u00a0\u00bb#1b1b1b\u00a0\u00bb][et_pb_column type=\u00a0\u00bb4_4&Prime; _builder_version=\u00a0\u00bb3.0.47&Prime;][et_pb_text admin_label=\u00a0\u00bbFlorence Sieudat-Denys + blabla\u00a0\u00bb _builder_version=\u00a0\u00bb3.22.5&Prime; text_font=\u00a0\u00bbKarla||||||||\u00a0\u00bb text_text_color=\u00a0\u00bbrgba(255,255,255,0.7)\u00a0\u00bb text_font_size=\u00a0\u00bb18px\u00a0\u00bb text_line_height=\u00a0\u00bb1.8em\u00a0\u00bb header_font=\u00a0\u00bb||||||||\u00a0\u00bb header_2_font=\u00a0\u00bb||||||||\u00a0\u00bb header_3_font=\u00a0\u00bbCormorant Garamond||||||||\u00a0\u00bb header_3_font_size=\u00a0\u00bb24px\u00a0\u00bb header_3_line_height=\u00a0\u00bb1.4em\u00a0\u00bb background_layout=\u00a0\u00bbdark\u00a0\u00bb module_alignment=\u00a0\u00bbcenter\u00a0\u00bb custom_padding=\u00a0\u00bb|10%||10%\u00a0\u00bb locked=\u00a0\u00bboff\u00a0\u00bb]<\/p>\n<h3>Florence Sieudat-Denys<\/h3>\n<p>Secr\u00e9taire<\/p>\n<p>[\/et_pb_text][et_pb_divider divider_weight=\u00a0\u00bb2px\u00a0\u00bb _builder_version=\u00a0\u00bb3.22.5&Prime; max_width=\u00a0\u00bb50px\u00a0\u00bb custom_margin=\u00a0\u00bb|||10%\u00a0\u00bb locked=\u00a0\u00bboff\u00a0\u00bb][\/et_pb_divider][\/et_pb_column][\/et_pb_row][\/et_pb_section][et_pb_section fb_built=\u00a0\u00bb1&Prime; admin_label=\u00a0\u00bbServices\u00a0\u00bb _builder_version=\u00a0\u00bb3.22.3&Prime; background_color=\u00a0\u00bb#121212&Prime; custom_padding=\u00a0\u00bb100px|0px|100px|0px\u00a0\u00bb][et_pb_row custom_padding=\u00a0\u00bb50px|0px|50px|0px\u00a0\u00bb custom_margin=\u00a0\u00bb|||\u00a0\u00bb _builder_version=\u00a0\u00bb3.22.3&Prime; animation_style=\u00a0\u00bbslide\u00a0\u00bb animation_direction=\u00a0\u00bbbottom\u00a0\u00bb animation_intensity_slide=\u00a0\u00bb6%\u00a0\u00bb][et_pb_column type=\u00a0\u00bb1_3&Prime; _builder_version=\u00a0\u00bb3.0.47&Prime;][et_pb_blurb title=\u00a0\u00bbNOS ENGAGEMENTS\u00a0\u00bb image=\u00a0\u00bbhttps:\/\/lugdunumascenseurs.com\/wp-content\/uploads\/2019\/04\/engagement-icon.png\u00a0\u00bb image_max_width=\u00a0\u00bb75px\u00a0\u00bb content_max_width=\u00a0\u00bb100%\u00a0\u00bb _builder_version=\u00a0\u00bb3.21.4&Prime; header_font=\u00a0\u00bb||||||||\u00a0\u00bb header_text_align=\u00a0\u00bbcenter\u00a0\u00bb header_font_size=\u00a0\u00bb24px\u00a0\u00bb header_line_height=\u00a0\u00bb1.8em\u00a0\u00bb body_font=\u00a0\u00bbKarla||||||||\u00a0\u00bb body_text_align=\u00a0\u00bbcenter\u00a0\u00bb body_text_color=\u00a0\u00bbrgba(255,255,255,0.7)\u00a0\u00bb body_font_size=\u00a0\u00bb16px\u00a0\u00bb body_line_height=\u00a0\u00bb1.8em\u00a0\u00bb background_layout=\u00a0\u00bbdark\u00a0\u00bb custom_margin=\u00a0\u00bb|||\u00a0\u00bb]<\/p>\n<p>\u2022 Savoir Faire<\/p>\n<p>\u2022 Innovation<\/p>\n<p>\u2022 Fiabilit\u00e9<\/p>\n<p>\u2022 Qualit\u00e9 Proximit\u00e9<\/p>\n<p>[\/et_pb_blurb][\/et_pb_column][et_pb_column type=\u00a0\u00bb1_3&Prime; _builder_version=\u00a0\u00bb3.0.47&Prime;][et_pb_blurb title=\u00a0\u00bbNOTRE \u00c9QUIPE\u00a0\u00bb image=\u00a0\u00bbhttps:\/\/lugdunumascenseurs.com\/wp-content\/uploads\/2019\/04\/equipe-icone.png\u00a0\u00bb image_max_width=\u00a0\u00bb75px\u00a0\u00bb content_max_width=\u00a0\u00bb100%\u00a0\u00bb _builder_version=\u00a0\u00bb3.21.4&Prime; header_font=\u00a0\u00bb||||||||\u00a0\u00bb header_text_align=\u00a0\u00bbcenter\u00a0\u00bb header_font_size=\u00a0\u00bb24px\u00a0\u00bb header_line_height=\u00a0\u00bb1.8em\u00a0\u00bb body_font=\u00a0\u00bbKarla||||||||\u00a0\u00bb body_text_align=\u00a0\u00bbcenter\u00a0\u00bb body_text_color=\u00a0\u00bbrgba(255,255,255,0.7)\u00a0\u00bb body_font_size=\u00a0\u00bb16px\u00a0\u00bb body_line_height=\u00a0\u00bb1.8em\u00a0\u00bb background_layout=\u00a0\u00bbdark\u00a0\u00bb custom_margin=\u00a0\u00bb|||\u00a0\u00bb]<\/p>\n<p><strong>\u2022 Une \u00e9quipe commerciale dynamique<\/strong> et r\u00e9active \u00e0 votre service, pour vous aider \u00e0 identifier vos besoins, pour bien choisir et vous conseiller.<\/p>\n<p><strong>\u2022 Nos \u00e9quipes techniques<\/strong> sont qualifi\u00e9es et r\u00e9alisent un travail impeccable, propre et rapide.<\/p>\n<p>[\/et_pb_blurb][\/et_pb_column][et_pb_column type=\u00a0\u00bb1_3&Prime; _builder_version=\u00a0\u00bb3.0.47&Prime;][et_pb_blurb title=\u00a0\u00bbNOS HORAIRES\u00a0\u00bb image=\u00a0\u00bbhttps:\/\/lugdunumascenseurs.com\/wp-content\/uploads\/2019\/04\/horaires-icone.png\u00a0\u00bb image_max_width=\u00a0\u00bb75px\u00a0\u00bb content_max_width=\u00a0\u00bb100%\u00a0\u00bb _builder_version=\u00a0\u00bb3.21.4&Prime; header_font=\u00a0\u00bb||||||||\u00a0\u00bb header_text_align=\u00a0\u00bbcenter\u00a0\u00bb header_font_size=\u00a0\u00bb24px\u00a0\u00bb header_line_height=\u00a0\u00bb1.8em\u00a0\u00bb body_font=\u00a0\u00bbKarla||||||||\u00a0\u00bb body_text_align=\u00a0\u00bbcenter\u00a0\u00bb body_text_color=\u00a0\u00bbrgba(255,255,255,0.7)\u00a0\u00bb body_font_size=\u00a0\u00bb16px\u00a0\u00bb body_line_height=\u00a0\u00bb1.8em\u00a0\u00bb background_layout=\u00a0\u00bbdark\u00a0\u00bb custom_margin=\u00a0\u00bb|||\u00a0\u00bb]<\/p>\n<p>\u2022 Technique \/ Commercial<\/p>\n<p>du lundi au vendredi de 8:00 \u00e0 18:30<\/p>\n<p>[\/et_pb_blurb][\/et_pb_column][\/et_pb_row][\/et_pb_section][et_pb_section fb_built=\u00a0\u00bb1&Prime; _builder_version=\u00a0\u00bb3.21.4&Prime; background_image=\u00a0\u00bbhttps:\/\/lugdunumascenseurs.com\/wp-content\/uploads\/2019\/04\/bg-footer.png\u00a0\u00bb custom_padding=\u00a0\u00bb0px||0px\u00a0\u00bb global_module=\u00a0\u00bb178&Prime; saved_tabs=\u00a0\u00bball\u00a0\u00bb][et_pb_row make_equal=\u00a0\u00bbon\u00a0\u00bb module_class=\u00a0\u00bb et_pb_row_fullwidth\u00a0\u00bb _builder_version=\u00a0\u00bb3.22.3&Prime; width=\u00a0\u00bb89%\u00a0\u00bb width_tablet=\u00a0\u00bb80%\u00a0\u00bb width_last_edited=\u00a0\u00bbon|desktop\u00a0\u00bb max_width=\u00a0\u00bb89%\u00a0\u00bb max_width_tablet=\u00a0\u00bb80%\u00a0\u00bb max_width_last_edited=\u00a0\u00bbon|desktop\u00a0\u00bb make_fullwidth=\u00a0\u00bbon\u00a0\u00bb][et_pb_column type=\u00a0\u00bb1_4&Prime; _builder_version=\u00a0\u00bb3.21.4&Prime;][\/et_pb_column][et_pb_column type=\u00a0\u00bb1_4&Prime; _builder_version=\u00a0\u00bb3.21.4&Prime;][et_pb_image src=\u00a0\u00bbhttps:\/\/lugdunumascenseurs.com\/wp-content\/uploads\/2019\/04\/logo-footer.png\u00a0\u00bb _builder_version=\u00a0\u00bb3.21.4&Prime;][\/et_pb_image][et_pb_button button_url=\u00a0\u00bbhttps:\/\/lugdunumascenseurs.com\/index.php\/nous-contacter\/\u00a0\u00bb button_text=\u00a0\u00bbContact\u00a0\u00bb button_alignment=\u00a0\u00bbleft\u00a0\u00bb _builder_version=\u00a0\u00bb3.22.5&Prime; custom_button=\u00a0\u00bbon\u00a0\u00bb button_text_size=\u00a0\u00bb18px\u00a0\u00bb button_text_color=\u00a0\u00bb#ffffff\u00a0\u00bb button_bg_color=\u00a0\u00bbrgba(255,255,255,0)\u00a0\u00bb button_border_color=\u00a0\u00bb#ffffff\u00a0\u00bb button_border_radius=\u00a0\u00bb5px\u00a0\u00bb button_font=\u00a0\u00bb|||on|||||\u00a0\u00bb button_icon_color=\u00a0\u00bb#ffffff\u00a0\u00bb custom_css_main_element=\u00a0\u00bbwidth:65%;||text-align:center;\u00a0\u00bb][\/et_pb_button][\/et_pb_column][et_pb_column type=\u00a0\u00bb1_4&Prime; _builder_version=\u00a0\u00bb3.21.4&Prime;][et_pb_text _builder_version=\u00a0\u00bb3.22.5&Prime; text_font=\u00a0\u00bb||||||||\u00a0\u00bb text_text_color=\u00a0\u00bb#ffffff\u00a0\u00bb]<strong>04 78 61 53 36<\/strong><\/p>\n<p>497 chemin de Poulieu &#8211; Le Regain<\/p>\n<p>38540 Grenay<\/p>\n<p><a href=\"mailto:contact@lugdunumascenseurs.com\">contact@lugdunumascenseurs.com<\/a>[\/et_pb_text][\/et_pb_column][et_pb_column type=\u00a0\u00bb1_4&Prime; _builder_version=\u00a0\u00bb3.21.4&Prime;][\/et_pb_column][\/et_pb_row][\/et_pb_section]<\/p>\n","protected":false},"excerpt":{"rendered":"<p>LUGDUNUM ASCENSEURSSp\u00e9cialiste en ascenseur sur la R\u00e9gion Auvergne-Rh\u00f4ne-Alpes &#8211; PACA &#8211; Lyon &#8211; Grenoble &#8211; Is\u00e8re &nbsp; Fort d\u2019une solide exp\u00e9rience en tant qu\u2019ascensoriste et conscient des besoins actuels dans ce domaine, j\u2019ai d\u00e9cid\u00e9 de cr\u00e9er en 2009 ma propre soci\u00e9t\u00e9.Implant\u00e9e en r\u00e9gion lyonnaise et sur Grenoble &#8211; Is\u00e8re, Lugdunum Ascenseurs, PME \u00e0 dimension humaine, [&hellip;]<\/p>\n","protected":false},"author":1,"featured_media":0,"parent":0,"menu_order":0,"comment_status":"closed","ping_status":"closed","template":"","meta":{"_et_pb_use_builder":"on","_et_pb_old_content":"","_et_gb_content_width":""},"_links":{"self":[{"href":"https:\/\/lugdunumascenseurs.com\/index.php\/wp-json\/wp\/v2\/pages\/113"}],"collection":[{"href":"https:\/\/lugdunumascenseurs.com\/index.php\/wp-json\/wp\/v2\/pages"}],"about":[{"href":"https:\/\/lugdunumascenseurs.com\/index.php\/wp-json\/wp\/v2\/types\/page"}],"author":[{"embeddable":true,"href":"https:\/\/lugdunumascenseurs.com\/index.php\/wp-json\/wp\/v2\/users\/1"}],"replies":[{"embeddable":true,"href":"https:\/\/lugdunumascenseurs.com\/index.php\/wp-json\/wp\/v2\/comments?post=113"}],"version-history":[{"count":5,"href":"https:\/\/lugdunumascenseurs.com\/index.php\/wp-json\/wp\/v2\/pages\/113\/revisions"}],"predecessor-version":[{"id":457,"href":"https:\/\/lugdunumascenseurs.com\/index.php\/wp-json\/wp\/v2\/pages\/113\/revisions\/457"}],"wp:attachment":[{"href":"https:\/\/lugdunumascenseurs.com\/index.php\/wp-json\/wp\/v2\/media?parent=113"}],"curies":[{"name":"wp","href":"https:\/\/api.w.org\/{rel}","templated":true}]}}